{"id":23,"date":"2024-01-14T22:47:20","date_gmt":"2024-01-14T22:47:20","guid":{"rendered":"https:\/\/interesting-wright.87-118-120-113.plesk.page\/wordpress\/?page_id=23"},"modified":"2024-01-14T22:47:20","modified_gmt":"2024-01-14T22:47:20","slug":"ihr-nutzen","status":"publish","type":"page","link":"https:\/\/ftkv.de\/index.php\/ihr-nutzen\/","title":{"rendered":"Ihr Nutzen"},"content":{"rendered":"<p><strong>Meine Leistungen<\/strong><\/p>\n<p>Pers\u00f6nliche Vorsorge- und Finanzberatung statt nur Produktverkauf!<\/p>\n<p>Als Finanzberater arbeite ich unabh\u00e4ngig und kundenorientiert, mit dem Ziel Ihnen umfassende finanzielle Vorteile zu verschaffen. Ich bin dabei nicht f\u00fcr einen oder mehrere Anbieter von Finanzprodukten t\u00e4tig, sondern ausschliesslich f\u00fcr meine Kunden.<\/p>\n<p>Bitte nehmen Sie sich ein paar Minuten Zeit, um einen Eindruck \u00fcber mich und meine Leistungen zu bekommen:<\/p>\n<ul>\n<li>Optimierung Ihres Versicherungs- und Verm\u00f6gensbestandes<\/li>\n<li>Private Krankenversicherung<\/li>\n<li>betriebliche und private Altersversorgung (Renten auf Basis von Investmentfonds)<\/li>\n<li>Betriebs- und Berufsversicherungen (z.B. Haftpflicht, Feuer, Einbruch &#8230;)<\/li>\n<li>Unfallabsicherung und Hinterbliebenenschutz<\/li>\n<li>preiswerte Sachversicherungen &amp; Bausparen<\/li>\n<li>Finanzierungen<\/li>\n<li>Finanzkauf \u00fcber Genossenschaftsmodelle<\/li>\n<li>Rechtschutzversicherung<\/li>\n<\/ul>\n","protected":false},"excerpt":{"rendered":"<p>Meine Leistungen Pers\u00f6nliche Vorsorge- und Finanzberatung statt nur Produktverkauf! Als Finanzberater arbeite ich unabh\u00e4ngig und kundenorientiert, mit dem Ziel Ihnen umfassende finanzielle Vorteile zu verschaffen. Ich bin dabei nicht f\u00fcr [&hellip;]<\/p>\n","protected":false},"author":1,"featured_media":0,"parent":0,"menu_order":0,"comment_status":"closed","ping_status":"closed","template":"","meta":{"footnotes":""},"class_list":["post-23","page","type-page","status-publish","hentry"],"_links":{"self":[{"href":"https:\/\/ftkv.de\/index.php\/wp-json\/wp\/v2\/pages\/23","targetHints":{"allow":["GET"]}}],"collection":[{"href":"https:\/\/ftkv.de\/index.php\/wp-json\/wp\/v2\/pages"}],"about":[{"href":"https:\/\/ftkv.de\/index.php\/wp-json\/wp\/v2\/types\/page"}],"author":[{"embeddable":true,"href":"https:\/\/ftkv.de\/index.php\/wp-json\/wp\/v2\/users\/1"}],"replies":[{"embeddable":true,"href":"https:\/\/ftkv.de\/index.php\/wp-json\/wp\/v2\/comments?post=23"}],"version-history":[{"count":1,"href":"https:\/\/ftkv.de\/index.php\/wp-json\/wp\/v2\/pages\/23\/revisions"}],"predecessor-version":[{"id":24,"href":"https:\/\/ftkv.de\/index.php\/wp-json\/wp\/v2\/pages\/23\/revisions\/24"}],"wp:attachment":[{"href":"https:\/\/ftkv.de\/index.php\/wp-json\/wp\/v2\/media?parent=23"}],"curies":[{"name":"wp","href":"https:\/\/api.w.org\/{rel}","templated":true}]}}